{"id":3394,"date":"2024-04-22T15:18:11","date_gmt":"2024-04-22T14:18:11","guid":{"rendered":"http:\/\/dev.alcomnet.com\/bna\/?page_id=3394"},"modified":"2024-04-22T15:19:53","modified_gmt":"2024-04-22T14:19:53","slug":"politique-de-protection-des-donnees-a-caractere-personnel","status":"publish","type":"page","link":"https:\/\/www.bna.dz\/fi\/fr\/politique-de-protection-des-donnees-a-caractere-personnel\/","title":{"rendered":"Politique de protection des donn\u00e9es \u00e0 caract\u00e8re personnel"},"content":{"rendered":"","protected":false},"excerpt":{"rendered":"","protected":false},"author":1,"featured_media":0,"parent":0,"menu_order":0,"comment_status":"closed","ping_status":"closed","template":"product.php","meta":{"_editorskit_title_hidden":false,"_editorskit_reading_time":0,"_editorskit_is_block_options_detached":false,"_editorskit_block_options_position":"{}","inline_featured_image":false,"footnotes":""},"class_list":["post-3394","page","type-page","status-publish","hentry"],"_links":{"self":[{"href":"https:\/\/www.bna.dz\/fi\/wp-json\/wp\/v2\/pages\/3394","targetHints":{"allow":["GET"]}}],"collection":[{"href":"https:\/\/www.bna.dz\/fi\/wp-json\/wp\/v2\/pages"}],"about":[{"href":"https:\/\/www.bna.dz\/fi\/wp-json\/wp\/v2\/types\/page"}],"author":[{"embeddable":true,"href":"https:\/\/www.bna.dz\/fi\/wp-json\/wp\/v2\/users\/1"}],"replies":[{"embeddable":true,"href":"https:\/\/www.bna.dz\/fi\/wp-json\/wp\/v2\/comments?post=3394"}],"version-history":[{"count":3,"href":"https:\/\/www.bna.dz\/fi\/wp-json\/wp\/v2\/pages\/3394\/revisions"}],"predecessor-version":[{"id":3398,"href":"https:\/\/www.bna.dz\/fi\/wp-json\/wp\/v2\/pages\/3394\/revisions\/3398"}],"wp:attachment":[{"href":"https:\/\/www.bna.dz\/fi\/wp-json\/wp\/v2\/media?parent=3394"}],"curies":[{"name":"wp","href":"https:\/\/api.w.org\/{rel}","templated":true}]}}